{"id":27,"date":"2019-02-06T11:30:19","date_gmt":"2019-02-06T11:30:19","guid":{"rendered":"http:\/\/h46082.web171.dogado.net\/?page_id=27"},"modified":"2019-02-11T10:30:58","modified_gmt":"2019-02-11T10:30:58","slug":"teilnehmerstimmen","status":"publish","type":"page","link":"http:\/\/www.vontiedemann.com\/?page_id=27","title":{"rendered":"TEILNEHMERSTIMMEN"},"content":{"rendered":"\n<figure class=\"wp-block-image\"><img loading=\"lazy\" decoding=\"async\" width=\"1024\" height=\"340\" src=\"http:\/\/h46082.web171.dogado.net\/wp-content\/uploads\/2019\/02\/svt_3-1024x340.jpg\" alt=\"\" class=\"wp-image-25\" srcset=\"http:\/\/www.vontiedemann.com\/wp-content\/uploads\/2019\/02\/svt_3-1024x340.jpg 1024w, http:\/\/www.vontiedemann.com\/wp-content\/uploads\/2019\/02\/svt_3-300x100.jpg 300w, http:\/\/www.vontiedemann.com\/wp-content\/uploads\/2019\/02\/svt_3-768x255.jpg 768w\" sizes=\"auto, (max-width: 767px) 89vw, (max-width: 1000px) 54vw, (max-width: 1071px) 543px, 580px\" \/><\/figure>\n\n\n\n<p>We have so much enjoyed every second of the event you organized. It was done with your unmistakable unique and personal touch.<br><br>Willem van Eeghen,<br> van Eeghen Group, Amsterdam <\/p>\n\n\n\n<hr>\n\n\n\n<p>Mit Ihrem Organisationstalent, Ihrem Engagement und v.a. mit viel  Herzblut haben Sie den Werkbundtag zu einem gro\u00dfen Erfolg gemacht. Ohne  Sie h\u00e4tten wir das nicht geschafft! Herzlichen Dank daf\u00fcr!<br><br>Christian B\u00f6hm, Vorstandsvorsitzender Deutscher Werkbund <\/p>\n\n\n\n<hr>\n\n\n\n<p>Ihre Professionalit\u00e4t, Ihre Ausstrahlung und Ihr starkes  Organisationstalent werden mir immer im Ged\u00e4chtnis bleiben. Es war mit  eine gro\u00dfe Ehre, Sie kennenzulernen und mit Ihnen zusammenzuarbeiten. Es  war immer \u00e4u\u00dferst angenehm und pers\u00f6nlich bereichernd.<br><br>Axel Ludwig,<br> Direktor, Hotel Vier Jahreszeiten Kempinski M\u00fcnchen <\/p>\n\n\n\n<hr>\n\n\n\n<p>Das Treffen in M\u00fcnchen war ein voller Erfolg auf allen Ebenen! Vielen Dank f\u00fcr die perfekte Organisation!<br><br>Florian K\u00f6chert K\u00f6chert Juweliere, Wien <\/p>\n\n\n\n<hr>\n\n\n\n<p>Alle sagen, das geht nicht \u2013 dann kommt Eine und macht&#8217;s einfach!<br><br><br>Leopoldine Grupp<\/p>\n","protected":false},"excerpt":{"rendered":"<p>We have so much enjoyed every second of the event you organized. It was done with your unmistakable unique and personal touch. Willem van Eeghen, van Eeghen Group, Amsterdam Mit Ihrem Organisationstalent, Ihrem Engagement und v.a. mit viel Herzblut haben Sie den Werkbundtag zu einem gro\u00dfen Erfolg gemacht. Ohne Sie h\u00e4tten wir das nicht geschafft! &hellip; <\/p>\n<p class=\"link-more\"><a href=\"http:\/\/www.vontiedemann.com\/?page_id=27\" class=\"more-link\"><span class=\"screen-reader-text\">\u201eTEILNEHMERSTIMMEN\u201c<\/span> weiterlesen<\/a><\/p>\n","protected":false},"author":1,"featured_media":0,"parent":0,"menu_order":0,"comment_status":"closed","ping_status":"closed","template":"","meta":{"footnotes":""},"class_list":["post-27","page","type-page","status-publish","hentry"],"yoast_head":"<!-- This site is optimized with the Yoast SEO plugin v25.6 - https:\/\/yoast.com\/wordpress\/plugins\/seo\/ -->\n<title>TEILNEHMERSTIMMEN - Stephanie von Tiedemann<\/title>\n<meta name=\"robots\" content=\"index, follow, max-snippet:-1, max-image-preview:large, max-video-preview:-1\" \/>\n<link rel=\"canonical\" href=\"http:\/\/www.vontiedemann.com\/?page_id=27\" \/>\n<meta property=\"og:locale\" content=\"de_DE\" \/>\n<meta property=\"og:type\" content=\"article\" \/>\n<meta property=\"og:title\" content=\"TEILNEHMERSTIMMEN - Stephanie von Tiedemann\" \/>\n<meta property=\"og:description\" content=\"We have so much enjoyed every second of the event you organized. It was done with your unmistakable unique and personal touch. Willem van Eeghen, van Eeghen Group, Amsterdam Mit Ihrem Organisationstalent, Ihrem Engagement und v.a. mit viel Herzblut haben Sie den Werkbundtag zu einem gro\u00dfen Erfolg gemacht. Ohne Sie h\u00e4tten wir das nicht geschafft! &hellip; \u201eTEILNEHMERSTIMMEN\u201c weiterlesen\" \/>\n<meta property=\"og:url\" content=\"http:\/\/www.vontiedemann.com\/?page_id=27\" \/>\n<meta property=\"og:site_name\" content=\"Stephanie von Tiedemann\" \/>\n<meta property=\"article:modified_time\" content=\"2019-02-11T10:30:58+00:00\" \/>\n<meta property=\"og:image\" content=\"http:\/\/h46082.web171.dogado.net\/wp-content\/uploads\/2019\/02\/svt_3-1024x340.jpg\" \/>\n<meta name=\"twitter:card\" content=\"summary_large_image\" \/>\n<meta name=\"twitter:label1\" content=\"Gesch\u00e4tzte Lesezeit\" \/>\n\t<meta name=\"twitter:data1\" content=\"1\u00a0Minute\" \/>\n<script type=\"application\/ld+json\" class=\"yoast-schema-graph\">{\"@context\":\"https:\/\/schema.org\",\"@graph\":[{\"@type\":\"WebPage\",\"@id\":\"http:\/\/www.vontiedemann.com\/?page_id=27\",\"url\":\"http:\/\/www.vontiedemann.com\/?page_id=27\",\"name\":\"TEILNEHMERSTIMMEN - Stephanie von Tiedemann\",\"isPartOf\":{\"@id\":\"http:\/\/www.vontiedemann.com\/#website\"},\"primaryImageOfPage\":{\"@id\":\"http:\/\/www.vontiedemann.com\/?page_id=27#primaryimage\"},\"image\":{\"@id\":\"http:\/\/www.vontiedemann.com\/?page_id=27#primaryimage\"},\"thumbnailUrl\":\"http:\/\/h46082.web171.dogado.net\/wp-content\/uploads\/2019\/02\/svt_3-1024x340.jpg\",\"datePublished\":\"2019-02-06T11:30:19+00:00\",\"dateModified\":\"2019-02-11T10:30:58+00:00\",\"breadcrumb\":{\"@id\":\"http:\/\/www.vontiedemann.com\/?page_id=27#breadcrumb\"},\"inLanguage\":\"de\",\"potentialAction\":[{\"@type\":\"ReadAction\",\"target\":[\"http:\/\/www.vontiedemann.com\/?page_id=27\"]}]},{\"@type\":\"ImageObject\",\"inLanguage\":\"de\",\"@id\":\"http:\/\/www.vontiedemann.com\/?page_id=27#primaryimage\",\"url\":\"http:\/\/h46082.web171.dogado.net\/wp-content\/uploads\/2019\/02\/svt_3-1024x340.jpg\",\"contentUrl\":\"http:\/\/h46082.web171.dogado.net\/wp-content\/uploads\/2019\/02\/svt_3-1024x340.jpg\"},{\"@type\":\"BreadcrumbList\",\"@id\":\"http:\/\/www.vontiedemann.com\/?page_id=27#breadcrumb\",\"itemListElement\":[{\"@type\":\"ListItem\",\"position\":1,\"name\":\"Startseite\",\"item\":\"http:\/\/www.vontiedemann.com\/\"},{\"@type\":\"ListItem\",\"position\":2,\"name\":\"TEILNEHMERSTIMMEN\"}]},{\"@type\":\"WebSite\",\"@id\":\"http:\/\/www.vontiedemann.com\/#website\",\"url\":\"http:\/\/www.vontiedemann.com\/\",\"name\":\"SvT Projekt Organisation | Stephanie von Tiedemann\",\"description\":\"SvT Projekt Organisation\",\"potentialAction\":[{\"@type\":\"SearchAction\",\"target\":{\"@type\":\"EntryPoint\",\"urlTemplate\":\"http:\/\/www.vontiedemann.com\/?s={search_term_string}\"},\"query-input\":{\"@type\":\"PropertyValueSpecification\",\"valueRequired\":true,\"valueName\":\"search_term_string\"}}],\"inLanguage\":\"de\"}]}<\/script>\n<!-- \/ Yoast SEO plugin. -->","yoast_head_json":{"title":"TEILNEHMERSTIMMEN - Stephanie von Tiedemann","robots":{"index":"index","follow":"follow","max-snippet":"max-snippet:-1","max-image-preview":"max-image-preview:large","max-video-preview":"max-video-preview:-1"},"canonical":"http:\/\/www.vontiedemann.com\/?page_id=27","og_locale":"de_DE","og_type":"article","og_title":"TEILNEHMERSTIMMEN - Stephanie von Tiedemann","og_description":"We have so much enjoyed every second of the event you organized. It was done with your unmistakable unique and personal touch. Willem van Eeghen, van Eeghen Group, Amsterdam Mit Ihrem Organisationstalent, Ihrem Engagement und v.a. mit viel Herzblut haben Sie den Werkbundtag zu einem gro\u00dfen Erfolg gemacht. Ohne Sie h\u00e4tten wir das nicht geschafft! &hellip; \u201eTEILNEHMERSTIMMEN\u201c weiterlesen","og_url":"http:\/\/www.vontiedemann.com\/?page_id=27","og_site_name":"Stephanie von Tiedemann","article_modified_time":"2019-02-11T10:30:58+00:00","og_image":[{"url":"http:\/\/h46082.web171.dogado.net\/wp-content\/uploads\/2019\/02\/svt_3-1024x340.jpg","type":"","width":"","height":""}],"twitter_card":"summary_large_image","twitter_misc":{"Gesch\u00e4tzte Lesezeit":"1\u00a0Minute"},"schema":{"@context":"https:\/\/schema.org","@graph":[{"@type":"WebPage","@id":"http:\/\/www.vontiedemann.com\/?page_id=27","url":"http:\/\/www.vontiedemann.com\/?page_id=27","name":"TEILNEHMERSTIMMEN - Stephanie von Tiedemann","isPartOf":{"@id":"http:\/\/www.vontiedemann.com\/#website"},"primaryImageOfPage":{"@id":"http:\/\/www.vontiedemann.com\/?page_id=27#primaryimage"},"image":{"@id":"http:\/\/www.vontiedemann.com\/?page_id=27#primaryimage"},"thumbnailUrl":"http:\/\/h46082.web171.dogado.net\/wp-content\/uploads\/2019\/02\/svt_3-1024x340.jpg","datePublished":"2019-02-06T11:30:19+00:00","dateModified":"2019-02-11T10:30:58+00:00","breadcrumb":{"@id":"http:\/\/www.vontiedemann.com\/?page_id=27#breadcrumb"},"inLanguage":"de","potentialAction":[{"@type":"ReadAction","target":["http:\/\/www.vontiedemann.com\/?page_id=27"]}]},{"@type":"ImageObject","inLanguage":"de","@id":"http:\/\/www.vontiedemann.com\/?page_id=27#primaryimage","url":"http:\/\/h46082.web171.dogado.net\/wp-content\/uploads\/2019\/02\/svt_3-1024x340.jpg","contentUrl":"http:\/\/h46082.web171.dogado.net\/wp-content\/uploads\/2019\/02\/svt_3-1024x340.jpg"},{"@type":"BreadcrumbList","@id":"http:\/\/www.vontiedemann.com\/?page_id=27#breadcrumb","itemListElement":[{"@type":"ListItem","position":1,"name":"Startseite","item":"http:\/\/www.vontiedemann.com\/"},{"@type":"ListItem","position":2,"name":"TEILNEHMERSTIMMEN"}]},{"@type":"WebSite","@id":"http:\/\/www.vontiedemann.com\/#website","url":"http:\/\/www.vontiedemann.com\/","name":"SvT Projekt Organisation | Stephanie von Tiedemann","description":"SvT Projekt Organisation","potentialAction":[{"@type":"SearchAction","target":{"@type":"EntryPoint","urlTemplate":"http:\/\/www.vontiedemann.com\/?s={search_term_string}"},"query-input":{"@type":"PropertyValueSpecification","valueRequired":true,"valueName":"search_term_string"}}],"inLanguage":"de"}]}},"_links":{"self":[{"href":"http:\/\/www.vontiedemann.com\/index.php?rest_route=\/wp\/v2\/pages\/27","targetHints":{"allow":["GET"]}}],"collection":[{"href":"http:\/\/www.vontiedemann.com\/index.php?rest_route=\/wp\/v2\/pages"}],"about":[{"href":"http:\/\/www.vontiedemann.com\/index.php?rest_route=\/wp\/v2\/types\/page"}],"author":[{"embeddable":true,"href":"http:\/\/www.vontiedemann.com\/index.php?rest_route=\/wp\/v2\/users\/1"}],"replies":[{"embeddable":true,"href":"http:\/\/www.vontiedemann.com\/index.php?rest_route=%2Fwp%2Fv2%2Fcomments&post=27"}],"version-history":[{"count":10,"href":"http:\/\/www.vontiedemann.com\/index.php?rest_route=\/wp\/v2\/pages\/27\/revisions"}],"predecessor-version":[{"id":83,"href":"http:\/\/www.vontiedemann.com\/index.php?rest_route=\/wp\/v2\/pages\/27\/revisions\/83"}],"wp:attachment":[{"href":"http:\/\/www.vontiedemann.com\/index.php?rest_route=%2Fwp%2Fv2%2Fmedia&parent=27"}],"curies":[{"name":"wp","href":"https:\/\/api.w.org\/{rel}","templated":true}]}}