{"id":19,"date":"2019-02-06T11:04:38","date_gmt":"2019-02-06T11:04:38","guid":{"rendered":"http:\/\/h46082.web171.dogado.net\/?page_id=19"},"modified":"2019-11-10T11:35:50","modified_gmt":"2019-11-10T11:35:50","slug":"projekte","status":"publish","type":"page","link":"http:\/\/www.vontiedemann.com\/?page_id=19","title":{"rendered":"PROJEKTE"},"content":{"rendered":"\n<figure class=\"wp-block-image\"><img loading=\"lazy\" decoding=\"async\" width=\"1024\" height=\"340\" src=\"http:\/\/h46082.web171.dogado.net\/wp-content\/uploads\/2019\/02\/svt_2-1024x340.jpg\" alt=\"\" class=\"wp-image-24\" srcset=\"http:\/\/www.vontiedemann.com\/wp-content\/uploads\/2019\/02\/svt_2-1024x340.jpg 1024w, http:\/\/www.vontiedemann.com\/wp-content\/uploads\/2019\/02\/svt_2-300x100.jpg 300w, http:\/\/www.vontiedemann.com\/wp-content\/uploads\/2019\/02\/svt_2-768x255.jpg 768w\" sizes=\"auto, (max-width: 767px) 89vw, (max-width: 1000px) 54vw, (max-width: 1071px) 543px, 580px\" \/><\/figure>\n\n\n\n<h2 class=\"wp-block-heading\"><strong>Eine Auswahl:<\/strong><\/h2>\n\n\n\n<p class=\"has-medium-font-size\"><strong>2019<\/strong><br>__________<br><\/p>\n\n\n\n<h2 class=\"wp-block-heading\"><strong>September<\/strong><br>Er\u00f6ffnung des GALILEO<\/h2>\n\n\n\n<p>GALILEO, betitelt als das \u201eHerz des Forschungszentrum der TU M\u00fcnchen in Garching\u201c wurde feierlich mit \u00fcber 300 geladenen G\u00e4sten aus Politik, Wirtschaft und Universit\u00e4ten durch einen Festakt er\u00f6ffnet<\/p>\n\n\n\n<p>Sprecher waren u.a. Staatsminister Hubert Aiwanger, Pr\u00e4sident der TUM Professor Wolfgang Herrmann und der Astronaut Professor Ulrich Walter<\/p>\n\n\n\n<h2 class=\"wp-block-heading\"><strong>Juni<\/strong><br>1. Welt Wasser Konferenz in M\u00fcnchen<\/h2>\n\n\n\n<p>350 geladene G\u00e4ste aus Politik, Wirtschaft und Gesellschaft im Hotel      Bayerischer Hof<br>diverse Vortr\u00e4ge von weltweit anerkannten Wasser- und Wald-Professoren mit      Unterst\u00fctzung der TU M\u00fcnchen<\/p>\n\n\n\n<p>anschlie\u00dfendes Abendessen<\/p>\n\n\n\n<hr>\n\n\n\n<p class=\"has-medium-font-size\"><strong>2018<\/strong><br>__________<br><\/p>\n\n\n\n<h2 class=\"wp-block-heading\">Kongress der Association les H\u00e9nokiens in M\u00fcnchen<\/h2>\n\n\n\n<p>Die \u00e4ltesten Familienunternehmen der Welt (mindestens 200 Jahre oder sieben Generationen)<\/p>\n\n\n\n<ul class=\"wp-block-list\"><li>80 Personen aus ganz Europa und Japan<\/li><li> F\u00fcnf Tage, davon ein Tag Konferenz mit 170 Personen<\/li><li> 18 Veranstaltungen, \u00fcber 1.000 Mahlzeiten<\/li><li> Gesamtorganisation in drei Sprachen (deutsch, englisch, franz\u00f6sisch)<\/li><\/ul>\n\n\n\n<hr>\n\n\n\n<p class=\"has-medium-font-size\"><strong>2017<\/strong> <br>__________ <\/p>\n\n\n\n<h2 class=\"wp-block-heading\">Deutscher Werkbundtag in N\u00fcrnberg<\/h2>\n\n\n\n<ul class=\"wp-block-list\"><li>150 G\u00e4ste<\/li><li> 35 Workshops in zwei Tagen<\/li><li> Zwei Podiumsdiskussionen<\/li><li> Organisation und Betreuung aller 20 Referenten<\/li><li> Organisation der Hotels f\u00fcr alle Teilnehmer<\/li><li> Feierliches D\u00eener<\/li><\/ul>\n\n\n\n<hr>\n\n\n\n<p class=\"has-medium-font-size\"><strong>2012 &#8211; 2017<\/strong> <br>__________ <\/p>\n\n\n\n<h2 class=\"wp-block-heading\">M\u00fcnchner Europa Konferenz<\/h2>\n\n\n\n<p>Auftaktveranstaltung zur M\u00fcnchner Sicherheitskonferenz<\/p>\n\n\n\n<p>Grundsteinlegung und Organisation der j\u00e4hrlichen Konferenz<\/p>\n\n\n\n<ul class=\"wp-block-list\"><li> Erstellung des Konzepts<\/li><li> Suchen, Finden und Betreuen der Sprecher<\/li><li> Erstellen der Einladungslisten<\/li><li> Organisation der R\u00e4umlichkeiten und des feierlichen European Dinners<\/li><\/ul>\n\n\n\n<hr>\n\n\n\n<p class=\"has-medium-font-size\"><strong>2017<\/strong> <br>__________ <\/p>\n\n\n\n<h2 class=\"wp-block-heading\">Jugendfest in Killaloe, Irland<\/h2>\n\n\n\n<p>aus Anla\u00df des 30sten Geburtstags des Gastgebers<\/p>\n\n\n\n<ul class=\"wp-block-list\"><li>Vier Tage Programm f\u00fcr 140 Personen auf und rund um den Logh Dergh<\/li><li> Gro\u00dfes Geburtstagsfest mit feierlichem D\u00eener im Zirkuszelt<\/li><\/ul>\n\n\n\n<hr>\n\n\n\n<p class=\"has-medium-font-size\"><strong>2016<\/strong> <br>__________ <\/p>\n\n\n\n<h2 class=\"wp-block-heading\">Wohlt\u00e4tigkeitsgala in M\u00fcnchen<\/h2>\n\n\n\n<p>F\u00fcr die Aktion \u201eFit f\u00fcr den Arbeitsmarkt\u201c<\/p>\n\n\n\n<ul class=\"wp-block-list\"><li>Zusammenarbeit mit SOS Kinderdorf<\/li><li> 1000 Personen im Prinzregententheater<\/li><\/ul>\n\n\n\n<hr>\n\n\n\n<p class=\"has-medium-font-size\"><strong>2013<\/strong> <br>__________ <\/p>\n\n\n\n<h2 class=\"wp-block-heading\">Familienfest der Familie von Miller in M\u00fcnchen<\/h2>\n\n\n\n<p>Aus Anla\u00df des 200sten Geburtstags von Ferdinand v. Miller, k\u00f6niglich bayerischer Erzgie\u00dfer<\/p>\n\n\n\n<ul class=\"wp-block-list\"><li>Aufsp\u00fcren aller Verwandten weltweit &#8211; ca. 300<\/li><li> Dreit\u00e4tiges Familienfest mit 160 Personen<\/li><\/ul>\n","protected":false},"excerpt":{"rendered":"<p>Eine Auswahl: 2019__________ SeptemberEr\u00f6ffnung des GALILEO GALILEO, betitelt als das \u201eHerz des Forschungszentrum der TU M\u00fcnchen in Garching\u201c wurde feierlich mit \u00fcber 300 geladenen G\u00e4sten aus Politik, Wirtschaft und Universit\u00e4ten durch einen Festakt er\u00f6ffnet Sprecher waren u.a. Staatsminister Hubert Aiwanger, Pr\u00e4sident der TUM Professor Wolfgang Herrmann und der Astronaut Professor Ulrich Walter Juni1. Welt Wasser &hellip; <\/p>\n<p class=\"link-more\"><a href=\"http:\/\/www.vontiedemann.com\/?page_id=19\" class=\"more-link\"><span class=\"screen-reader-text\">\u201ePROJEKTE\u201c<\/span> weiterlesen<\/a><\/p>\n","protected":false},"author":1,"featured_media":0,"parent":0,"menu_order":0,"comment_status":"closed","ping_status":"closed","template":"","meta":{"footnotes":""},"class_list":["post-19","page","type-page","status-publish","hentry"],"yoast_head":"<!-- This site is optimized with the Yoast SEO plugin v25.6 - https:\/\/yoast.com\/wordpress\/plugins\/seo\/ -->\n<title>PROJEKTE - Stephanie von Tiedemann<\/title>\n<meta name=\"robots\" content=\"index, follow, max-snippet:-1, max-image-preview:large, max-video-preview:-1\" \/>\n<link rel=\"canonical\" href=\"http:\/\/www.vontiedemann.com\/?page_id=19\" \/>\n<meta property=\"og:locale\" content=\"de_DE\" \/>\n<meta property=\"og:type\" content=\"article\" \/>\n<meta property=\"og:title\" content=\"PROJEKTE - Stephanie von Tiedemann\" \/>\n<meta property=\"og:description\" content=\"Eine Auswahl: 2019__________ SeptemberEr\u00f6ffnung des GALILEO GALILEO, betitelt als das \u201eHerz des Forschungszentrum der TU M\u00fcnchen in Garching\u201c wurde feierlich mit \u00fcber 300 geladenen G\u00e4sten aus Politik, Wirtschaft und Universit\u00e4ten durch einen Festakt er\u00f6ffnet Sprecher waren u.a. Staatsminister Hubert Aiwanger, Pr\u00e4sident der TUM Professor Wolfgang Herrmann und der Astronaut Professor Ulrich Walter Juni1. Welt Wasser &hellip; \u201ePROJEKTE\u201c weiterlesen\" \/>\n<meta property=\"og:url\" content=\"http:\/\/www.vontiedemann.com\/?page_id=19\" \/>\n<meta property=\"og:site_name\" content=\"Stephanie von Tiedemann\" \/>\n<meta property=\"article:modified_time\" content=\"2019-11-10T11:35:50+00:00\" \/>\n<meta property=\"og:image\" content=\"http:\/\/h46082.web171.dogado.net\/wp-content\/uploads\/2019\/02\/svt_2-1024x340.jpg\" \/>\n<meta name=\"twitter:card\" content=\"summary_large_image\" \/>\n<meta name=\"twitter:label1\" content=\"Gesch\u00e4tzte Lesezeit\" \/>\n\t<meta name=\"twitter:data1\" content=\"1\u00a0Minute\" \/>\n<script type=\"application\/ld+json\" class=\"yoast-schema-graph\">{\"@context\":\"https:\/\/schema.org\",\"@graph\":[{\"@type\":\"WebPage\",\"@id\":\"http:\/\/www.vontiedemann.com\/?page_id=19\",\"url\":\"http:\/\/www.vontiedemann.com\/?page_id=19\",\"name\":\"PROJEKTE - Stephanie von Tiedemann\",\"isPartOf\":{\"@id\":\"http:\/\/www.vontiedemann.com\/#website\"},\"primaryImageOfPage\":{\"@id\":\"http:\/\/www.vontiedemann.com\/?page_id=19#primaryimage\"},\"image\":{\"@id\":\"http:\/\/www.vontiedemann.com\/?page_id=19#primaryimage\"},\"thumbnailUrl\":\"http:\/\/h46082.web171.dogado.net\/wp-content\/uploads\/2019\/02\/svt_2-1024x340.jpg\",\"datePublished\":\"2019-02-06T11:04:38+00:00\",\"dateModified\":\"2019-11-10T11:35:50+00:00\",\"breadcrumb\":{\"@id\":\"http:\/\/www.vontiedemann.com\/?page_id=19#breadcrumb\"},\"inLanguage\":\"de\",\"potentialAction\":[{\"@type\":\"ReadAction\",\"target\":[\"http:\/\/www.vontiedemann.com\/?page_id=19\"]}]},{\"@type\":\"ImageObject\",\"inLanguage\":\"de\",\"@id\":\"http:\/\/www.vontiedemann.com\/?page_id=19#primaryimage\",\"url\":\"http:\/\/h46082.web171.dogado.net\/wp-content\/uploads\/2019\/02\/svt_2-1024x340.jpg\",\"contentUrl\":\"http:\/\/h46082.web171.dogado.net\/wp-content\/uploads\/2019\/02\/svt_2-1024x340.jpg\"},{\"@type\":\"BreadcrumbList\",\"@id\":\"http:\/\/www.vontiedemann.com\/?page_id=19#breadcrumb\",\"itemListElement\":[{\"@type\":\"ListItem\",\"position\":1,\"name\":\"Startseite\",\"item\":\"http:\/\/www.vontiedemann.com\/\"},{\"@type\":\"ListItem\",\"position\":2,\"name\":\"PROJEKTE\"}]},{\"@type\":\"WebSite\",\"@id\":\"http:\/\/www.vontiedemann.com\/#website\",\"url\":\"http:\/\/www.vontiedemann.com\/\",\"name\":\"SvT Projekt Organisation | Stephanie von Tiedemann\",\"description\":\"SvT Projekt Organisation\",\"potentialAction\":[{\"@type\":\"SearchAction\",\"target\":{\"@type\":\"EntryPoint\",\"urlTemplate\":\"http:\/\/www.vontiedemann.com\/?s={search_term_string}\"},\"query-input\":{\"@type\":\"PropertyValueSpecification\",\"valueRequired\":true,\"valueName\":\"search_term_string\"}}],\"inLanguage\":\"de\"}]}<\/script>\n<!-- \/ Yoast SEO plugin. -->","yoast_head_json":{"title":"PROJEKTE - Stephanie von Tiedemann","robots":{"index":"index","follow":"follow","max-snippet":"max-snippet:-1","max-image-preview":"max-image-preview:large","max-video-preview":"max-video-preview:-1"},"canonical":"http:\/\/www.vontiedemann.com\/?page_id=19","og_locale":"de_DE","og_type":"article","og_title":"PROJEKTE - Stephanie von Tiedemann","og_description":"Eine Auswahl: 2019__________ SeptemberEr\u00f6ffnung des GALILEO GALILEO, betitelt als das \u201eHerz des Forschungszentrum der TU M\u00fcnchen in Garching\u201c wurde feierlich mit \u00fcber 300 geladenen G\u00e4sten aus Politik, Wirtschaft und Universit\u00e4ten durch einen Festakt er\u00f6ffnet Sprecher waren u.a. Staatsminister Hubert Aiwanger, Pr\u00e4sident der TUM Professor Wolfgang Herrmann und der Astronaut Professor Ulrich Walter Juni1. Welt Wasser &hellip; \u201ePROJEKTE\u201c weiterlesen","og_url":"http:\/\/www.vontiedemann.com\/?page_id=19","og_site_name":"Stephanie von Tiedemann","article_modified_time":"2019-11-10T11:35:50+00:00","og_image":[{"url":"http:\/\/h46082.web171.dogado.net\/wp-content\/uploads\/2019\/02\/svt_2-1024x340.jpg","type":"","width":"","height":""}],"twitter_card":"summary_large_image","twitter_misc":{"Gesch\u00e4tzte Lesezeit":"1\u00a0Minute"},"schema":{"@context":"https:\/\/schema.org","@graph":[{"@type":"WebPage","@id":"http:\/\/www.vontiedemann.com\/?page_id=19","url":"http:\/\/www.vontiedemann.com\/?page_id=19","name":"PROJEKTE - Stephanie von Tiedemann","isPartOf":{"@id":"http:\/\/www.vontiedemann.com\/#website"},"primaryImageOfPage":{"@id":"http:\/\/www.vontiedemann.com\/?page_id=19#primaryimage"},"image":{"@id":"http:\/\/www.vontiedemann.com\/?page_id=19#primaryimage"},"thumbnailUrl":"http:\/\/h46082.web171.dogado.net\/wp-content\/uploads\/2019\/02\/svt_2-1024x340.jpg","datePublished":"2019-02-06T11:04:38+00:00","dateModified":"2019-11-10T11:35:50+00:00","breadcrumb":{"@id":"http:\/\/www.vontiedemann.com\/?page_id=19#breadcrumb"},"inLanguage":"de","potentialAction":[{"@type":"ReadAction","target":["http:\/\/www.vontiedemann.com\/?page_id=19"]}]},{"@type":"ImageObject","inLanguage":"de","@id":"http:\/\/www.vontiedemann.com\/?page_id=19#primaryimage","url":"http:\/\/h46082.web171.dogado.net\/wp-content\/uploads\/2019\/02\/svt_2-1024x340.jpg","contentUrl":"http:\/\/h46082.web171.dogado.net\/wp-content\/uploads\/2019\/02\/svt_2-1024x340.jpg"},{"@type":"BreadcrumbList","@id":"http:\/\/www.vontiedemann.com\/?page_id=19#breadcrumb","itemListElement":[{"@type":"ListItem","position":1,"name":"Startseite","item":"http:\/\/www.vontiedemann.com\/"},{"@type":"ListItem","position":2,"name":"PROJEKTE"}]},{"@type":"WebSite","@id":"http:\/\/www.vontiedemann.com\/#website","url":"http:\/\/www.vontiedemann.com\/","name":"SvT Projekt Organisation | Stephanie von Tiedemann","description":"SvT Projekt Organisation","potentialAction":[{"@type":"SearchAction","target":{"@type":"EntryPoint","urlTemplate":"http:\/\/www.vontiedemann.com\/?s={search_term_string}"},"query-input":{"@type":"PropertyValueSpecification","valueRequired":true,"valueName":"search_term_string"}}],"inLanguage":"de"}]}},"_links":{"self":[{"href":"http:\/\/www.vontiedemann.com\/index.php?rest_route=\/wp\/v2\/pages\/19","targetHints":{"allow":["GET"]}}],"collection":[{"href":"http:\/\/www.vontiedemann.com\/index.php?rest_route=\/wp\/v2\/pages"}],"about":[{"href":"http:\/\/www.vontiedemann.com\/index.php?rest_route=\/wp\/v2\/types\/page"}],"author":[{"embeddable":true,"href":"http:\/\/www.vontiedemann.com\/index.php?rest_route=\/wp\/v2\/users\/1"}],"replies":[{"embeddable":true,"href":"http:\/\/www.vontiedemann.com\/index.php?rest_route=%2Fwp%2Fv2%2Fcomments&post=19"}],"version-history":[{"count":25,"href":"http:\/\/www.vontiedemann.com\/index.php?rest_route=\/wp\/v2\/pages\/19\/revisions"}],"predecessor-version":[{"id":108,"href":"http:\/\/www.vontiedemann.com\/index.php?rest_route=\/wp\/v2\/pages\/19\/revisions\/108"}],"wp:attachment":[{"href":"http:\/\/www.vontiedemann.com\/index.php?rest_route=%2Fwp%2Fv2%2Fmedia&parent=19"}],"curies":[{"name":"wp","href":"https:\/\/api.w.org\/{rel}","templated":true}]}}